{"id":11,"date":"2014-06-30T09:49:27","date_gmt":"2014-06-30T09:49:27","guid":{"rendered":"http:\/\/bocska.hu\/?page_id=11"},"modified":"2014-06-30T09:51:17","modified_gmt":"2014-06-30T09:51:17","slug":"kozerdeku-informaciok","status":"publish","type":"page","link":"http:\/\/bocska.hu\/?page_id=11","title":{"rendered":"K\u00f6z\u00e9rdek\u0171"},"content":{"rendered":"<p><a href=\"http:\/\/bocska.hu\/wp-content\/uploads\/2014\/06\/p\u00e1ly\u00e1zat1.jpg\"><img loading=\"lazy\" class=\"alignnone size-medium wp-image-13\" src=\"http:\/\/bocska.hu\/wp-content\/uploads\/2014\/06\/p\u00e1ly\u00e1zat2-300x281.jpg\" alt=\"p\u00e1ly\u00e1zat2\" width=\"300\" height=\"281\" srcset=\"http:\/\/bocska.hu\/wp-content\/uploads\/2014\/06\/p\u00e1ly\u00e1zat2-300x281.jpg 300w, http:\/\/bocska.hu\/wp-content\/uploads\/2014\/06\/p\u00e1ly\u00e1zat2-1024x961.jpg 1024w, http:\/\/bocska.hu\/wp-content\/uploads\/2014\/06\/p\u00e1ly\u00e1zat2.jpg 1246w\" sizes=\"(max-width: 300px) 100vw, 300px\" \/><\/a><\/p>\n<p><a href=\"http:\/\/bocska.hu\/wp-content\/uploads\/2014\/06\/p\u00e1ly\u00e1zat1.jpg\"><img loading=\"lazy\" class=\"alignnone size-medium wp-image-12\" src=\"http:\/\/bocska.hu\/wp-content\/uploads\/2014\/06\/p\u00e1ly\u00e1zat1-218x300.jpg\" alt=\"p\u00e1ly\u00e1zat1\" width=\"218\" height=\"300\" srcset=\"http:\/\/bocska.hu\/wp-content\/uploads\/2014\/06\/p\u00e1ly\u00e1zat1-218x300.jpg 218w, http:\/\/bocska.hu\/wp-content\/uploads\/2014\/06\/p\u00e1ly\u00e1zat1-746x1024.jpg 746w, http:\/\/bocska.hu\/wp-content\/uploads\/2014\/06\/p\u00e1ly\u00e1zat1.jpg 1276w\" sizes=\"(max-width: 218px) 100vw, 218px\" \/><\/a><\/p>\n","protected":false},"excerpt":{"rendered":"","protected":false},"author":1,"featured_media":0,"parent":0,"menu_order":0,"comment_status":"closed","ping_status":"open","template":"","meta":[],"_links":{"self":[{"href":"http:\/\/bocska.hu\/index.php?rest_route=\/wp\/v2\/pages\/11"}],"collection":[{"href":"http:\/\/bocska.hu\/index.php?rest_route=\/wp\/v2\/pages"}],"about":[{"href":"http:\/\/bocska.hu\/index.php?rest_route=\/wp\/v2\/types\/page"}],"author":[{"embeddable":true,"href":"http:\/\/bocska.hu\/index.php?rest_route=\/wp\/v2\/users\/1"}],"replies":[{"embeddable":true,"href":"http:\/\/bocska.hu\/index.php?rest_route=%2Fwp%2Fv2%2Fcomments&post=11"}],"version-history":[{"count":2,"href":"http:\/\/bocska.hu\/index.php?rest_route=\/wp\/v2\/pages\/11\/revisions"}],"predecessor-version":[{"id":17,"href":"http:\/\/bocska.hu\/index.php?rest_route=\/wp\/v2\/pages\/11\/revisions\/17"}],"wp:attachment":[{"href":"http:\/\/bocska.hu\/index.php?rest_route=%2Fwp%2Fv2%2Fmedia&parent=11"}],"curies":[{"name":"wp","href":"https:\/\/api.w.org\/{rel}","templated":true}]}}