{"id":110,"date":"2026-02-17T15:06:52","date_gmt":"2026-02-17T15:06:52","guid":{"rendered":"http:\/\/bocska.hu\/?page_id=110"},"modified":"2026-02-17T15:09:41","modified_gmt":"2026-02-17T15:09:41","slug":"szabalyozasi-terv","status":"publish","type":"page","link":"http:\/\/bocska.hu\/?page_id=110","title":{"rendered":"Szab\u00e1lyoz\u00e1si terv"},"content":{"rendered":"\n<p>A linkre kattintva let\u00f6ltheti a szab\u00e1lyoz\u00e1si tervet. <\/p>\n\n\n\n<ul><li><a href=\"http:\/\/www.bocska.hu\/letoltesek\/scan_01.pdf\" data-type=\"URL\" data-id=\"http:\/\/www.bocska.hu\/letoltesek\/scan_01.pdf\">1<\/a><\/li><li><a href=\"http:\/\/www.bocska.hu\/letoltesek\/scan_02.pdf\" data-type=\"URL\" data-id=\"http:\/\/www.bocska.hu\/letoltesek\/scan_02.pdf\">2<\/a><\/li><li><a href=\"http:\/\/www.bocska.hu\/letoltesek\/scan_03.pdf\" data-type=\"URL\" data-id=\"http:\/\/www.bocska.hu\/letoltesek\/scan_03.pdf\">3<\/a><\/li><\/ul>\n","protected":false},"excerpt":{"rendered":"<p>A linkre kattintva let\u00f6ltheti a szab\u00e1lyoz\u00e1si tervet. 1 2 3<\/p>\n","protected":false},"author":1,"featured_media":0,"parent":0,"menu_order":0,"comment_status":"closed","ping_status":"closed","template":"","meta":[],"_links":{"self":[{"href":"http:\/\/bocska.hu\/index.php?rest_route=\/wp\/v2\/pages\/110"}],"collection":[{"href":"http:\/\/bocska.hu\/index.php?rest_route=\/wp\/v2\/pages"}],"about":[{"href":"http:\/\/bocska.hu\/index.php?rest_route=\/wp\/v2\/types\/page"}],"author":[{"embeddable":true,"href":"http:\/\/bocska.hu\/index.php?rest_route=\/wp\/v2\/users\/1"}],"replies":[{"embeddable":true,"href":"http:\/\/bocska.hu\/index.php?rest_route=%2Fwp%2Fv2%2Fcomments&post=110"}],"version-history":[{"count":2,"href":"http:\/\/bocska.hu\/index.php?rest_route=\/wp\/v2\/pages\/110\/revisions"}],"predecessor-version":[{"id":113,"href":"http:\/\/bocska.hu\/index.php?rest_route=\/wp\/v2\/pages\/110\/revisions\/113"}],"wp:attachment":[{"href":"http:\/\/bocska.hu\/index.php?rest_route=%2Fwp%2Fv2%2Fmedia&parent=110"}],"curies":[{"name":"wp","href":"https:\/\/api.w.org\/{rel}","templated":true}]}}