{"id":28,"date":"2020-12-22T08:39:46","date_gmt":"2020-12-22T08:39:46","guid":{"rendered":"http:\/\/bocska.hu\/?page_id=28"},"modified":"2022-10-12T10:43:03","modified_gmt":"2022-10-12T10:43:03","slug":"28-2","status":"publish","type":"page","link":"http:\/\/bocska.hu\/?page_id=28","title":{"rendered":"T\u00c1J\u00c9KOZTAT\u00d3 A MAGYAR FALU T\u00c1MOGAT\u00c1SR\u00d3L"},"content":{"rendered":"<div class=\"wp-block-image\">\n<figure class=\"alignleft\"><img src=\"https:\/\/nmi.hu\/wp-content\/uploads\/2019\/02\/magyar_falu_program.jpg\" alt=\"\"\/><\/figure><\/div>\n\n\n<p class=\"has-text-align-center\"><strong><u>T\u00c1J\u00c9KOZTAT\u00d3 A MAGYAR FALU T\u00c1MOGAT\u00c1SR\u00d3L<\/u><\/strong><\/p>\n\n\n\n<p><strong>Iratazonos\u00edt\u00f3: 3097235298<\/strong><\/p>\n\n\n\n<p><strong>T\u00e1mogatott: Bocska K\u00f6zs\u00e9g \u00d6nkorm\u00e1nyzata<\/strong><\/p>\n\n\n\n<p><strong>C\u00edm: 8776 Bocska, Bocskai u.4.<\/strong><\/p>\n\n\n\n<p><strong>Ad\u00f3sz\u00e1m: 15436612-1-20<\/strong><\/p>\n\n\n\n<p><strong>MFP azonos\u00edt\u00f3: 1004209881<\/strong><\/p>\n\n\n\n<p><strong>Projekt azonos\u00edt\u00f3ja: 3087608932<\/strong><\/p>\n\n\n\n<p><strong><u>T\u00e1mogat\u00f3: Magyar \u00c1llam<\/u><\/strong><\/p>\n\n\n\n<p>\u00d6nkorm\u00e1nyzatunk a Magyar Falu Program keret\u00e9ben meghirdetett, <em>K\u00f6zter\u00fclet karbantart\u00e1s\u00e1t szolg\u00e1l\u00f3 eszk\u00f6zbeszerz\u00e9s &#8211; 2020 <\/em>c\u00edm\u0171, <em>MFP-KKE\/2020 <\/em>k\u00f3dsz\u00e1m\u00fa p\u00e1ly\u00e1zati ki\u00edr\u00e1sra p\u00e1ly\u00e1zatot ny\u00fajtott be.<\/p>\n\n\n\n<p><strong><u>A p\u00e1ly\u00e1zat sikeres volt, \u00e9s a vissza nem t\u00e9r\u00edtend\u0151 t\u00e1mogat\u00e1s \u00f6sszege<\/u><\/strong>: <strong><u>4&nbsp;921&nbsp;250<\/u><\/strong> <strong><u>Ft.<\/u><\/strong><\/p>\n\n\n\n<p>A projekt c\u00edme: F\u0171ny\u00edr\u00f3 traktor \u00e9s h\u00f3tol\u00f3 lap beszerz\u00e9se Bocsk\u00e1n<\/p>\n\n\n\n<p>Az \u00f6nkorm\u00e1nyzat nem rendelkezett a beszerzett eszk\u00f6zh\u00f6z hasonl\u00f3 jelleg\u0171vel, a telep\u00fcl\u00e9s\u00fczemeltet\u00e9si feladatokat v\u00e9gz\u0151 k\u00f6zmunk\u00e1sok tev\u00e9kenys\u00e9g\u00e9t csak k\u00e9zi szersz\u00e1mokkal tudtuk t\u00e1mogatni. A fejleszt\u00e9s hozz\u00e1j\u00e1rul a falu megtart\u00f3 erej\u00e9nek a n\u00f6vel\u00e9s\u00e9hez, mert seg\u00edti elv\u00e9gezni azokat a munk\u00e1kat is, amelyre a helyi lakosoknak nincs megfelel\u0151 g\u00e9pi kapacit\u00e1sa. Fontosnak tartjuk a vonz\u00f3 telep\u00fcl\u00e9sk\u00e9p kialak\u00edt\u00e1s\u00e1t, mert \u00edgy hozz\u00e1j\u00e1rulhatunk az itt \u00e9l\u0151k min\u00e9l jobb \u00e9letmin\u0151s\u00e9g\u00e9hez.<\/p>\n\n\n\n<p>A f\u0171ny\u00edr\u00f3 \u00f6n\u00e1ll\u00f3an, a tavaszt\u00f3l k\u00e9s\u0151 \u0151szig tart\u00f3 id\u0151szakban haszn\u00e1ra v\u00e1lik a telep\u00fcl\u00e9snek, a<\/p>\n\n\n\n<p>parkok, k\u00f6zter\u00fcletek rendben tart\u00e1s\u00e1ban. T\u00e9len, pedig term\u00e9szetesen h\u00f3eltakar\u00edt\u00e1sra haszn\u00e1ljuk a j\u00e1rd\u00e1kn\u00e1l, illetve int\u00e9zm\u00e9nyek, temet\u0151, bolt, orvosi rendel\u0151 balesetmentes \u00e9s k\u00f6nnyebb megk\u00f6zel\u00edt\u00e9se \u00e9rdek\u00e9ben.<\/p>\n\n\n\n<p>Az eszk\u00f6z\u00f6kre jellemz\u0151 a k\u00f6rnyezetbar\u00e1t \u00e9s k\u00f6lts\u00e9ghat\u00e9kony m\u0171k\u00f6d\u00e9s. A projekt \u00edgy hozz\u00e1j\u00e1rul a<\/p>\n\n\n\n<p>k\u00f6rnyezettudatoss\u00e1ghoz, az energiahat\u00e9konys\u00e1ghoz.<\/p>\n\n\n\n<p>A projekt keretein bel\u00fcl megv\u00e1s\u00e1rolt eszk\u00f6z: 1 darab Kite x590 t\u00edpus\u00fa f\u0171ny\u00edr\u00f3, hozz\u00e1 tartoz\u00f3 kasz\u00e1val, \u00e9s h\u00f3tol\u00f3 lappal.<\/p>\n\n\n\n<p>A p\u00e1ly\u00e1zat keretein bel\u00fcl val\u00f3sult meg a projekt el\u0151k\u00e9sz\u00edt\u00e9s \u00e9s a k\u00f6telez\u0151 nyilv\u00e1noss\u00e1g biztos\u00edt\u00e1sa is.<\/p>\n\n\n\n<p>A projekt lez\u00e1r\u00e1sa 2020.10.08-\u00e1n t\u00f6rt\u00e9nt meg.<\/p>\n\n\n\n<p>A T\u00e1j\u00e9koztat\u00f3 t\u00e1bl\u00e1t az \u00f6nkorm\u00e1nyzat \u00e9p\u00fclet\u00e9re, a Falut\u00e1bl\u00e1t pedig a telep\u00fcl\u00e9s k\u00f6zigazgat\u00e1si hat\u00e1r\u00e1t jelz\u0151 \u00fatjelz\u0151 t\u00e1bl\u00e1ra elhelyezt\u00fck.<\/p>\n\n\n\n<p>Cs\u00e1k Szilvia, polg\u00e1rmester<\/p>\n\n\n\n<p><\/p>\n\n\n\n<figure class=\"wp-block-image size-large\"><a href=\"http:\/\/bocska.hu\/wp-content\/uploads\/2021\/04\/image.png\"><img loading=\"lazy\" width=\"122\" height=\"105\" src=\"http:\/\/bocska.hu\/wp-content\/uploads\/2021\/04\/image.png\" alt=\"\" class=\"wp-image-38\"\/><\/a><\/figure>\n\n\n\n<p><strong><u>T\u00c1J\u00c9KOZTAT\u00d3 A MAGYAR FALU T\u00c1MOGAT\u00c1SR\u00d3L<\/u><\/strong><\/p>\n\n\n\n<p><strong>Iratazonos\u00edt\u00f3: 3016009892<\/strong><strong><\/strong><\/p>\n\n\n\n<p><strong>T\u00e1mogatott: Bocska K\u00f6zs\u00e9g \u00d6nkorm\u00e1nyzata<\/strong><\/p>\n\n\n\n<p><strong>C\u00edm: 8776 Bocska, Bocskai u.4.<\/strong><\/p>\n\n\n\n<p><strong>Ad\u00f3sz\u00e1m: 15436612-1-20<\/strong><\/p>\n\n\n\n<p><strong>MFP azonos\u00edt\u00f3: 1004209881<\/strong><\/p>\n\n\n\n<p><strong>Projekt azonos\u00edt\u00f3ja: 3007258579<\/strong><strong><u><\/u><\/strong><\/p>\n\n\n\n<p><strong><u>T\u00e1mogat\u00f3: Magyar \u00c1llam<\/u><\/strong><\/p>\n\n\n\n<p>\u00d6nkorm\u00e1nyzatunk a Magyar Falu Program keret\u00e9ben meghirdetett, <em>Orvosi rendel\u0151 c\u00edm\u0171, MFP-HOR\/2019 k\u00f3dsz\u00e1m\u00fa p\u00e1ly\u00e1zati ki\u00edr\u00e1sra, <\/em>p\u00e1ly\u00e1zatot ny\u00fajtott be.<\/p>\n\n\n\n<p><strong><u>A p\u00e1ly\u00e1zat sikeres volt, \u00e9s a vissza nem t\u00e9r\u00edtend\u0151 t\u00e1mogat\u00e1s \u00f6sszege<\/u><\/strong>: <strong><u>4 266&nbsp;552 <\/u><\/strong><strong><u>Ft.<\/u><\/strong><\/p>\n\n\n\n<p>A projekt c\u00edme: Bocsk\u00e1n, a h\u00e1tr\u00e1nyos helyzet\u0171 telep\u00fcl\u00e9sen a h\u00e1ziorvosi ell\u00e1t\u00e1s fejleszt\u00e9se<\/p>\n\n\n\n<p>A sok h\u00e1tr\u00e1nnyal k\u00fczd\u0151 telep\u00fcl\u00e9sen az \u00f6nkorm\u00e1nyzat v\u00e9grehajtotta az orvosi rendel\u0151 r\u00e9szleges bels\u0151 fel\u00faj\u00edt\u00e1s\u00e1t, illetve az elavult berendez\u00e9si t\u00e1rgyak r\u00e9szleges cser\u00e9j\u00e9t. A projekt r\u00e9sze volt m\u00e9g a projekt el\u0151k\u00e9sz\u00edt\u00e9s, lebonyol\u00edt\u00e1s k\u00f6lts\u00e9ge. A fejleszt\u00e9s k\u00f6lts\u00e9ge \u00f6sszesen: brutt\u00f3 4 266 552 Ft, amely mag\u00e1ban foglalja az \u00e9p\u00edt\u00e9si, eszk\u00f6zbeszerz\u00e9si, illetve egy\u00e9b, \u00e1ltal\u00e1nos k\u00f6lts\u00e9geket. A p\u00e1ly\u00e1zat keretein bel\u00fcl val\u00f3sult meg a projekt el\u0151k\u00e9sz\u00edt\u00e9s \u00e9s a k\u00f6telez\u0151 nyilv\u00e1noss\u00e1g biztos\u00edt\u00e1sa is.<\/p>\n\n\n\n<p>Az alap eg\u00e9szs\u00e9g\u00fcgyi szolg\u00e1ltat\u00e1soknak helyet ad\u00f3 \u00e9p\u00fcletr\u00e9sz \u00e1llapota nem volt megfelel\u0151, ez\u00e9rt az<\/p>\n\n\n\n<p>fel\u00faj\u00edt\u00e1sra szorult. Ezen k\u00edv\u00fcl b\u00fatorbeszerz\u00e9st hajtottunk v\u00e9gre, az ell\u00e1t\u00e1s magasabb sz\u00ednvonala \u00e9s jobb munkak\u00f6r\u00fclm\u00e9nyek biztos\u00edt\u00e1sa \u00e9rdek\u00e9ben. Orvosi forg\u00f3sz\u00e9k, k\u00f3rtermi sz\u00e9k, illetve v\u00e1r\u00f3termi pad ker\u00fclt beszerz\u00e9se.<\/p>\n\n\n\n<p>Mindez els\u0151sorban a helyi lakoss\u00e1g \u00e9letsz\u00ednvonal\u00e1nak emel\u00e9s\u00e9t, az alapvet\u0151 eg\u00e9szs\u00e9g\u00fcgyi<\/p>\n\n\n\n<p>ell\u00e1t\u00e1sokhoz val\u00f3 hozz\u00e1f\u00e9r\u00e9s jog\u00e1nak biztos\u00edt\u00e1s\u00e1t szolg\u00e1lja.<\/p>\n\n\n\n<p>A T\u00e1j\u00e9koztat\u00f3 t\u00e1bl\u00e1t az \u00f6nkorm\u00e1nyzat \u00e9p\u00fclet\u00e9re, a Falut\u00e1bl\u00e1t pedig a telep\u00fcl\u00e9s k\u00f6zigazgat\u00e1si hat\u00e1r\u00e1t jelz\u0151 \u00fatjelz\u0151 t\u00e1bl\u00e1ra elhelyezt\u00fck.<\/p>\n\n\n\n<p>Cs\u00e1k Szilvia, polg\u00e1rmester<\/p>\n\n\n\n<figure class=\"wp-block-image\"><img src=\"\" alt=\"\"\/><\/figure>\n\n\n\n<p><strong><u>T\u00c1J\u00c9KOZTAT\u00d3 A MAGYAR FALU T\u00c1MOGAT\u00c1SR\u00d3L<\/u><\/strong><\/p>\n\n\n\n<p><strong>Iratazonos\u00edt\u00f3: 3033713118<\/strong><strong><\/strong><\/p>\n\n\n\n<p><strong>T\u00e1mogatott: Bocska K\u00f6zs\u00e9g \u00d6nkorm\u00e1nyzata<\/strong><\/p>\n\n\n\n<p><strong>C\u00edm: 8776 Bocska, Bocskai u.4.<\/strong><\/p>\n\n\n\n<p><strong>Ad\u00f3sz\u00e1m: 15436612-1-20<\/strong><\/p>\n\n\n\n<p><strong>MFP azonos\u00edt\u00f3: 1004209881<\/strong><\/p>\n\n\n\n<p><strong>Projekt azonos\u00edt\u00f3ja: 3020625318<\/strong><strong><u><\/u><\/strong><\/p>\n\n\n\n<p><strong><u>T\u00e1mogat\u00f3: Magyar \u00c1llam<\/u><\/strong><\/p>\n\n\n\n<p>\u00d6nkorm\u00e1nyzatunk a Magyar Falu Program keret\u00e9ben meghirdetett, <em>Temet\u0151 fejleszt\u00e9se c\u00edm\u0171, MFP-FFT\/2019 k\u00f3dsz\u00e1m\u00fa p\u00e1ly\u00e1zati <\/em>ki\u00edr\u00e1sra p\u00e1ly\u00e1zatot ny\u00fajtott be.<\/p>\n\n\n\n<p><strong><u>A p\u00e1ly\u00e1zat sikeres volt, \u00e9s a vissza nem t\u00e9r\u00edtend\u0151 t\u00e1mogat\u00e1s \u00f6sszege<\/u><\/strong>: <strong><u>4 996&nbsp;543 <\/u><\/strong><strong><u>Ft.<\/u><\/strong><\/p>\n\n\n\n<p>A projekt c\u00edme: A meglev\u0151 ravataloz\u00f3 fel\u00faj\u00edt\u00e1sa, temet\u0151i infrastrukt\u00fara fejleszt\u00e9se Bocsk\u00e1n<\/p>\n\n\n\n<p>Bocsk\u00e1n a ravataloz\u00f3 \u00e9p\u00fclet\u00e9nek \u00e1llapota m\u00e1r nem felelt meg a mai kor k\u00f6vetelm\u00e9nyeinek. Az \u00e9p\u00fclet \u00e1llaga leromlott, fel\u00faj\u00edt\u00e1sra szorult, \u00e9s a legnagyobb probl\u00e9ma, hogy nem rendelkezett WC helyis\u00e9ggel. Hi\u00e1nyzott a temet\u0151ben megfelel\u0151 k\u00f6zleked\u00e9si \u00fatvonal is.<\/p>\n\n\n\n<p>A fejleszt\u00e9sek sor\u00e1n a ravataloz\u00f3 \u00e9p\u00fclete meg\u00fajult, l\u00e9trehoz\u00e1sra ker\u00fclt az illemhelyis\u00e9g, illetve a k\u00f6zleked\u00e9si \u00fatvonal, a t\u00e9rk\u00f6vez\u00e9s is elk\u00e9sz\u00fclt.<\/p>\n\n\n\n<p>A t\u00e1mogat\u00e1si \u00f6sszegen fel\u00fcl az \u00f6nkorm\u00e1nyzat saj\u00e1t \u00f6nr\u00e9sszel is hozz\u00e1j\u00e1rult a projekt sikeress\u00e9g\u00e9hez. A fejleszt\u00e9s eredm\u00e9nyek\u00e9nt tart\u00f3san megoldjuk Bocska k\u00f6zs\u00e9g temet\u0151i szolg\u00e1ltat\u00e1sainak a t\u00f6rv\u00e9nyi szab\u00e1lyoz\u00e1sok szerinti m\u0171k\u00f6d\u00e9s\u00e9t, \u00e9s hosszabb ideig csak az \u00fczemeltet\u00e9s \u00e9s kisebb jav\u00edt\u00e1si k\u00f6lts\u00e9gek fognak \u00f6nkorm\u00e1nyzati teherk\u00e9nt jelentkezni.<\/p>\n\n\n\n<p>A p\u00e1ly\u00e1zat keretein bel\u00fcl val\u00f3sult meg a projekt el\u0151k\u00e9sz\u00edt\u00e9s \u00e9s a k\u00f6telez\u0151 nyilv\u00e1noss\u00e1g biztos\u00edt\u00e1sa is.<\/p>\n\n\n\n<p>A T\u00e1j\u00e9koztat\u00f3 t\u00e1bl\u00e1t az \u00f6nkorm\u00e1nyzat \u00e9p\u00fclet\u00e9re, a Falut\u00e1bl\u00e1t pedig a telep\u00fcl\u00e9s k\u00f6zigazgat\u00e1si hat\u00e1r\u00e1t jelz\u0151 \u00fatjelz\u0151 t\u00e1bl\u00e1ra elhelyezt\u00fck.<\/p>\n\n\n\n<p>Cs\u00e1k Szilvia, polg\u00e1rmester<\/p>\n","protected":false},"excerpt":{"rendered":"<p>T\u00c1J\u00c9KOZTAT\u00d3 A MAGYAR FALU T\u00c1MOGAT\u00c1SR\u00d3L Iratazonos\u00edt\u00f3: 3097235298 T\u00e1mogatott: Bocska K\u00f6zs\u00e9g \u00d6nkorm\u00e1nyzata C\u00edm: 8776 Bocska, Bocskai u.4. Ad\u00f3sz\u00e1m: 15436612-1-20 MFP azonos\u00edt\u00f3: 1004209881 Projekt azonos\u00edt\u00f3ja: 3087608932 T\u00e1mogat\u00f3: Magyar \u00c1llam \u00d6nkorm\u00e1nyzatunk a Magyar Falu Program keret\u00e9ben meghirdetett, K\u00f6zter\u00fclet karbantart\u00e1s\u00e1t szolg\u00e1l\u00f3 eszk\u00f6zbeszerz\u00e9s &#8211; 2020 c\u00edm\u0171, MFP-KKE\/2020 k\u00f3dsz\u00e1m\u00fa p\u00e1ly\u00e1zati ki\u00edr\u00e1sra p\u00e1ly\u00e1zatot ny\u00fajtott be. A p\u00e1ly\u00e1zat sikeres volt, \u00e9s a vissza [&hellip;]<\/p>\n","protected":false},"author":1,"featured_media":0,"parent":11,"menu_order":0,"comment_status":"closed","ping_status":"closed","template":"","meta":[],"_links":{"self":[{"href":"http:\/\/bocska.hu\/index.php?rest_route=\/wp\/v2\/pages\/28"}],"collection":[{"href":"http:\/\/bocska.hu\/index.php?rest_route=\/wp\/v2\/pages"}],"about":[{"href":"http:\/\/bocska.hu\/index.php?rest_route=\/wp\/v2\/types\/page"}],"author":[{"embeddable":true,"href":"http:\/\/bocska.hu\/index.php?rest_route=\/wp\/v2\/users\/1"}],"replies":[{"embeddable":true,"href":"http:\/\/bocska.hu\/index.php?rest_route=%2Fwp%2Fv2%2Fcomments&post=28"}],"version-history":[{"count":8,"href":"http:\/\/bocska.hu\/index.php?rest_route=\/wp\/v2\/pages\/28\/revisions"}],"predecessor-version":[{"id":47,"href":"http:\/\/bocska.hu\/index.php?rest_route=\/wp\/v2\/pages\/28\/revisions\/47"}],"up":[{"embeddable":true,"href":"http:\/\/bocska.hu\/index.php?rest_route=\/wp\/v2\/pages\/11"}],"wp:attachment":[{"href":"http:\/\/bocska.hu\/index.php?rest_route=%2Fwp%2Fv2%2Fmedia&parent=28"}],"curies":[{"name":"wp","href":"https:\/\/api.w.org\/{rel}","templated":true}]}}