{"id":48,"date":"2022-10-12T10:47:47","date_gmt":"2022-10-12T10:47:47","guid":{"rendered":"http:\/\/bocska.hu\/?page_id=48"},"modified":"2022-10-12T10:47:47","modified_gmt":"2022-10-12T10:47:47","slug":"tajekoztato-a-magyar-falu-program-tamogatasarol","status":"publish","type":"page","link":"http:\/\/bocska.hu\/?page_id=48","title":{"rendered":"T\u00c1J\u00c9KOZTAT\u00d3 A MAGYAR FALU PROGRAM T\u00c1MOGAT\u00c1S\u00c1R\u00d3L"},"content":{"rendered":"\n<div class=\"wp-container-2 wp-block-columns\">\n<div class=\"wp-container-1 wp-block-column\" style=\"flex-basis:100%\"><div class=\"wp-block-image\">\n<figure class=\"aligncenter size-full\"><a href=\"http:\/\/bocska.hu\/wp-content\/uploads\/2021\/04\/image.png\"><img loading=\"lazy\" width=\"122\" height=\"105\" src=\"http:\/\/bocska.hu\/wp-content\/uploads\/2021\/04\/image.png\" alt=\"\" class=\"wp-image-38\"\/><\/a><\/figure><\/div><\/div>\n<\/div>\n\n\n\n<p>T\u00e1mogatott szervezet: Bocska K\u00f6zs\u00e9g \u00d6nkorm\u00e1nyzata<\/p>\n\n\n\n<p>C\u00edm: 8776 Bocska, Bocskai Istv\u00e1n \u00fat 4.<\/p>\n\n\n\n<p>Ad\u00f3sz\u00e1m: 15436612-1-20<\/p>\n\n\n\n<p>MFP azonos\u00edt\u00f3: 1004209881<\/p>\n\n\n\n<p>Projekt azonos\u00edt\u00f3ja: 3295632994<\/p>\n\n\n\n<p><strong><u>T\u00e1mogat\u00f3: Magyar \u00c1llam.<\/u><\/strong><\/p>\n\n\n\n<p>\u00d6nkorm\u00e1nyzatunk a Magyar Falu Program keret\u00e9ben meghirdetett Felel\u0151s \u00e1llattart\u00e1s el\u0151seg\u00edt\u00e9se &#8211; 2021 c\u00edm\u0171, MFP-FAE\/2021 k\u00f3dsz\u00e1m\u00fa p\u00e1ly\u00e1zati ki\u00edr\u00e1sra p\u00e1ly\u00e1zatot ny\u00fajtott be.<\/p>\n\n\n\n<p>A projekt c\u00edme: Felel\u0151s \u00e1llattart\u00e1s Bocsk\u00e1n- \u201eTe egyszer s mindenkorra felel\u0151s lett\u00e9l az\u00e9rt, amit megszel\u00edd\u00edtett\u00e9l\u201d.<\/p>\n\n\n\n<p><strong><u>A p\u00e1ly\u00e1zat sikeres volt, \u00e9s a vissza nem t\u00e9r\u00edtend\u0151 t\u00e1mogat\u00e1s \u00f6sszege: 407&nbsp;855 Ft.<\/u><\/strong><\/p>\n\n\n\n<p>Bocska K\u00f6zs\u00e9g \u00d6nkorm\u00e1nyzat\u00e1nak \u00e9s vele egy\u00fctt lakoss\u00e1g\u00e1nak is elt\u00f6k\u00e9lt c\u00e9lja volt, hogy a Magyar Korm\u00e1ny \u00e1llatv\u00e9delmi c\u00e9lkit\u0171z\u00e9s\u00e9vel \u00f6sszhangban megval\u00f3s\u00edtsa \u00e9s n\u00e9pszer\u0171s\u00edtse a felel\u0151s \u00e1llattart\u00e1st, az \u00e1llatok gondoz\u00e1sa ir\u00e1nti felel\u0151s gondolkod\u00e1st, magatart\u00e1st. Ennek egyik fontos l\u00e9pcs\u0151foka, hogy a Bocsk\u00e1n \u00e9l\u0151k, a tulajdonukban l\u00e9v\u0151 kuty\u00e1k \u00e9s macsk\u00e1k sz\u00e1m\u00e1ra biztos\u00edts\u00e1k a megfelel\u0151 orvosi beavatkoz\u00e1sokat.<\/p>\n\n\n\n<p>A felel\u0151s \u00e1llattart\u00e1s n\u00e9pszer\u0171s\u00edt\u00e9se, gyakorlatba val\u00f3 \u00e1t\u00fcltet\u00e9se korunk egyik legnagyobb feladata. A p\u00e1ly\u00e1zat keretein bel\u00fcl lehet\u0151s\u00e9g\u00fcnk volt macsk\u00e1k \u00e9s kuty\u00e1k ivartalan\u00edt\u00e1s\u00e1ra.<\/p>\n\n\n\n<p>&nbsp;Az ivartalan\u00edt\u00e1s nem csak a nem k\u00edv\u00e1nt szaporulat elterjed\u00e9s\u00e9t akad\u00e1lyozza meg, hanem a k\u00fcl\u00f6nb\u00f6z\u0151 megbeteged\u00e9sek, \u00fagy, mint m\u00e9h elgennyesed\u00e9se, eml\u0151daganat kialakul\u00e1sa is megel\u0151zhet\u0151.<\/p>\n\n\n\n<p>Az \u00e1llatorvosi beavatkoz\u00e1sok sor\u00e1n 8 db n\u0151st\u00e9ny macska \u00e9s 1 db 45 kg alatti szuka kutya ivartalan\u00edt\u00e1sa t\u00f6rt\u00e9nt meg.<\/p>\n\n\n\n<p>Az ivartalan\u00edt\u00e1sokat a TasLinda Kft. k\u00e9pviselet\u00e9ben Dr. Bozsoki Attila \u00e1llatorvos v\u00e9gezte el.<\/p>\n\n\n\n<p>Hissz\u00fck, hogy a felel\u0151s \u00e1llattart\u00e1s az \u00e1llatok eg\u00e9szs\u00e9g\u00e9nek meg\u00f3v\u00e1sa mellett rendezett\u00e9, biztons\u00e1goss\u00e1 is teheti telep\u00fcl\u00e9s\u00fcnket.<\/p>\n\n\n\n<p>K\u00f6sz\u00f6nj\u00fck a Magyar \u00c1llam t\u00e1mogat\u00e1s\u00e1t!<\/p>\n","protected":false},"excerpt":{"rendered":"<p>T\u00e1mogatott szervezet: Bocska K\u00f6zs\u00e9g \u00d6nkorm\u00e1nyzata C\u00edm: 8776 Bocska, Bocskai Istv\u00e1n \u00fat 4. Ad\u00f3sz\u00e1m: 15436612-1-20 MFP azonos\u00edt\u00f3: 1004209881 Projekt azonos\u00edt\u00f3ja: 3295632994 T\u00e1mogat\u00f3: Magyar \u00c1llam. \u00d6nkorm\u00e1nyzatunk a Magyar Falu Program keret\u00e9ben meghirdetett Felel\u0151s \u00e1llattart\u00e1s el\u0151seg\u00edt\u00e9se &#8211; 2021 c\u00edm\u0171, MFP-FAE\/2021 k\u00f3dsz\u00e1m\u00fa p\u00e1ly\u00e1zati ki\u00edr\u00e1sra p\u00e1ly\u00e1zatot ny\u00fajtott be. A projekt c\u00edme: Felel\u0151s \u00e1llattart\u00e1s Bocsk\u00e1n- \u201eTe egyszer s mindenkorra felel\u0151s lett\u00e9l [&hellip;]<\/p>\n","protected":false},"author":1,"featured_media":0,"parent":0,"menu_order":0,"comment_status":"closed","ping_status":"closed","template":"","meta":[],"_links":{"self":[{"href":"http:\/\/bocska.hu\/index.php?rest_route=\/wp\/v2\/pages\/48"}],"collection":[{"href":"http:\/\/bocska.hu\/index.php?rest_route=\/wp\/v2\/pages"}],"about":[{"href":"http:\/\/bocska.hu\/index.php?rest_route=\/wp\/v2\/types\/page"}],"author":[{"embeddable":true,"href":"http:\/\/bocska.hu\/index.php?rest_route=\/wp\/v2\/users\/1"}],"replies":[{"embeddable":true,"href":"http:\/\/bocska.hu\/index.php?rest_route=%2Fwp%2Fv2%2Fcomments&post=48"}],"version-history":[{"count":1,"href":"http:\/\/bocska.hu\/index.php?rest_route=\/wp\/v2\/pages\/48\/revisions"}],"predecessor-version":[{"id":49,"href":"http:\/\/bocska.hu\/index.php?rest_route=\/wp\/v2\/pages\/48\/revisions\/49"}],"wp:attachment":[{"href":"http:\/\/bocska.hu\/index.php?rest_route=%2Fwp%2Fv2%2Fmedia&parent=48"}],"curies":[{"name":"wp","href":"https:\/\/api.w.org\/{rel}","templated":true}]}}